{"id":5007,"date":"2025-08-07T16:04:22","date_gmt":"2025-08-07T13:04:22","guid":{"rendered":"https:\/\/www.lauluvaljak.ee\/toode\/pabertahvel\/"},"modified":"2025-08-07T16:04:22","modified_gmt":"2025-08-07T13:04:22","slug":"pabertahvel","status":"publish","type":"product","link":"https:\/\/www.lauluvaljak.ee\/en\/toode\/pabertahvel\/","title":{"rendered":"Pabertahvel"},"content":{"rendered":"<p>Laius: 74 cm, k\u00f5rgus: 179 cm, Paberi m\u00f5\u00f5t: 60&#215;84 cm<\/p>\n","protected":false},"excerpt":{"rendered":"<p>Laius: 74 cm, k\u00f5rgus: 179 cm, Paberi m\u00f5\u00f5t: 60&#215;84 cm<\/p>\n","protected":false},"featured_media":3571,"comment_status":"closed","ping_status":"closed","template":"","meta":{"_acf_changed":false,"inline_featured_image":false},"product_brand":[],"product_cat":[81],"product_tag":[],"class_list":{"0":"post-5007","1":"product","2":"type-product","3":"status-publish","4":"has-post-thumbnail","6":"product_cat-conference-equipment","8":"first","9":"instock","10":"shipping-taxable","11":"purchasable","12":"product-type-simple"},"acf":[],"_links":{"self":[{"href":"https:\/\/www.lauluvaljak.ee\/en\/wp-json\/wp\/v2\/product\/5007","targetHints":{"allow":["GET"]}}],"collection":[{"href":"https:\/\/www.lauluvaljak.ee\/en\/wp-json\/wp\/v2\/product"}],"about":[{"href":"https:\/\/www.lauluvaljak.ee\/en\/wp-json\/wp\/v2\/types\/product"}],"replies":[{"embeddable":true,"href":"https:\/\/www.lauluvaljak.ee\/en\/wp-json\/wp\/v2\/comments?post=5007"}],"wp:featuredmedia":[{"embeddable":true,"href":"https:\/\/www.lauluvaljak.ee\/en\/wp-json\/wp\/v2\/media\/3571"}],"wp:attachment":[{"href":"https:\/\/www.lauluvaljak.ee\/en\/wp-json\/wp\/v2\/media?parent=5007"}],"wp:term":[{"taxonomy":"product_brand","embeddable":true,"href":"https:\/\/www.lauluvaljak.ee\/en\/wp-json\/wp\/v2\/product_brand?post=5007"},{"taxonomy":"product_cat","embeddable":true,"href":"https:\/\/www.lauluvaljak.ee\/en\/wp-json\/wp\/v2\/product_cat?post=5007"},{"taxonomy":"product_tag","embeddable":true,"href":"https:\/\/www.lauluvaljak.ee\/en\/wp-json\/wp\/v2\/product_tag?post=5007"}],"curies":[{"name":"wp","href":"https:\/\/api.w.org\/{rel}","templated":true}]}}