{"id":5038,"date":"2025-09-18T10:44:08","date_gmt":"2025-09-18T07:44:08","guid":{"rendered":"https:\/\/www.lauluvaljak.ee\/?page_id=5038"},"modified":"2025-09-18T15:13:57","modified_gmt":"2025-09-18T12:13:57","slug":"official-information","status":"publish","type":"page","link":"https:\/\/www.lauluvaljak.ee\/en\/official-information\/","title":{"rendered":"Official information"},"content":{"rendered":"\n<p class=\"wp-el\">The name of the foundation is&nbsp;Tallinna Lauluv\u00e4ljak&nbsp;in Estonian and&nbsp;Tallinn Song Festival Grounds&nbsp;in English.<\/p>\n\n\n\n<p class=\"wp-el\"><a href=\"https:\/\/www.lauluvaljak.ee\/wp-content\/uploads\/2025\/09\/51_lisa.pdf\" data-type=\"link\" data-id=\"https:\/\/www.lauluvaljak.ee\/wp-content\/uploads\/2025\/09\/51_lisa.pdf\">Articles of Association of the Tallinn Song Festival Grounds<\/a><\/p>\n\n\n\n<p class=\"wp-el\"><a href=\"https:\/\/www.lauluvaljak.ee\/wp-content\/uploads\/2025\/09\/Omaniku-ootused-Lauluvaljak-10.06.2025.pdf\" data-type=\"link\" data-id=\"https:\/\/www.lauluvaljak.ee\/wp-content\/uploads\/2025\/09\/Omaniku-ootused-Lauluvaljak-10.06.2025.pdf\">Owner\u2019s Expectations for the Tallinn Song Festival Grounds<\/a><\/p>\n\n\n\n<p class=\"wp-el\"><a href=\"https:\/\/www.lauluvaljak.ee\/wp-content\/uploads\/2025\/09\/Majandusaasta-aruanne-2024.pdf\">Annual Report of the Tallinn Song Festival Grounds<\/a><\/p>\n\n\n\n<p class=\"wp-el\"><a href=\"https:\/\/www.lauluvaljak.ee\/wp-content\/uploads\/2025\/09\/sihtasutus_tallinna_lauluvaljak_hankekord.pdf\" data-type=\"link\" data-id=\"https:\/\/www.lauluvaljak.ee\/wp-content\/uploads\/2025\/09\/sihtasutus_tallinna_lauluvaljak_hankekord.pdf\">Procurement Regulations of the Tallinn Song Festival Grounds<\/a><\/p>\n\n\n\n<p class=\"wp-el\"><a href=\"https:\/\/www.lauluvaljak.ee\/wp-content\/uploads\/2025\/09\/sa_tallinna_lauluvaljak_2025._a_riigihangete_plaan.pdf\" data-type=\"link\" data-id=\"https:\/\/www.lauluvaljak.ee\/wp-content\/uploads\/2025\/09\/sa_tallinna_lauluvaljak_2025._a_riigihangete_plaan.pdf\">Public Procurement Plan 2025 of the Tallinn Song Festival Grounds<\/a><\/p>\n\n\n\n<p class=\"wp-el\"><a href=\"https:\/\/www.lauluvaljak.ee\/wp-content\/uploads\/2025\/09\/sihtasutus_tallinna_lauluvaljak_korruptsiooni_ennetamise_meetmed.pdfhttps:\/\/www.lauluvaljak.ee\/wp-content\/uploads\/2025\/09\/sihtasutus_tallinna_lauluvaljak_korruptsiooni_ennetamise_meetmed.pdf\" data-type=\"link\" data-id=\"https:\/\/www.lauluvaljak.ee\/wp-content\/uploads\/2025\/09\/sihtasutus_tallinna_lauluvaljak_korruptsiooni_ennetamise_meetmed.pdfhttps:\/\/www.lauluvaljak.ee\/wp-content\/uploads\/2025\/09\/sihtasutus_tallinna_lauluvaljak_korruptsiooni_ennetamise_meetmed.pdf\">Anti-Corruption Measures of the Tallinn Song Festival Grounds<\/a><\/p>\n\n\n\n<p class=\"wp-el\"><strong><mark style=\"background-color: rgb(255, 255, 255);\" class=\"has-inline-color has-primary-color\">Supervisory Board of the Tallinn Song Festival Grounds<\/mark><\/strong><br>Marje T\u00f5em\u00e4e (Chairperson of the Board)<br>Merilin Piipuu (Board Member)<br>Tarmo Kruusim\u00e4e (Board Member)<br>Barbi-Jenny Pilvre-Storgard (Board Member)<\/p>\n\n\n\n<p class=\"wp-el\"><\/p>\n","protected":false},"excerpt":{"rendered":"<p>The name of the foundation is&nbsp;Tallinna Lauluv\u00e4ljak&nbsp;in Estonian and&nbsp;Tallinn Song Festival Grounds&nbsp;in English. Articles of Association of the Tallinn Song&#8230;<\/p>\n","protected":false},"author":1,"featured_media":0,"parent":0,"menu_order":0,"comment_status":"closed","ping_status":"closed","template":"","meta":{"_acf_changed":false,"inline_featured_image":false,"footnotes":""},"class_list":["post-5038","page","type-page","status-publish","hentry"],"acf":[],"_links":{"self":[{"href":"https:\/\/www.lauluvaljak.ee\/en\/wp-json\/wp\/v2\/pages\/5038","targetHints":{"allow":["GET"]}}],"collection":[{"href":"https:\/\/www.lauluvaljak.ee\/en\/wp-json\/wp\/v2\/pages"}],"about":[{"href":"https:\/\/www.lauluvaljak.ee\/en\/wp-json\/wp\/v2\/types\/page"}],"author":[{"embeddable":true,"href":"https:\/\/www.lauluvaljak.ee\/en\/wp-json\/wp\/v2\/users\/1"}],"replies":[{"embeddable":true,"href":"https:\/\/www.lauluvaljak.ee\/en\/wp-json\/wp\/v2\/comments?post=5038"}],"version-history":[{"count":2,"href":"https:\/\/www.lauluvaljak.ee\/en\/wp-json\/wp\/v2\/pages\/5038\/revisions"}],"predecessor-version":[{"id":5100,"href":"https:\/\/www.lauluvaljak.ee\/en\/wp-json\/wp\/v2\/pages\/5038\/revisions\/5100"}],"wp:attachment":[{"href":"https:\/\/www.lauluvaljak.ee\/en\/wp-json\/wp\/v2\/media?parent=5038"}],"curies":[{"name":"wp","href":"https:\/\/api.w.org\/{rel}","templated":true}]}}