{"id":4307,"date":"2025-06-13T09:02:14","date_gmt":"2025-06-13T06:02:14","guid":{"rendered":"https:\/\/www.lauluvaljak.ee\/malestuspingid\/mihkel-ludig\/"},"modified":"2025-09-18T16:12:43","modified_gmt":"2025-09-18T13:12:43","slug":"mihkel-ludig","status":"publish","type":"page","link":"https:\/\/www.lauluvaljak.ee\/en\/malestuspingid\/mihkel-ludig\/","title":{"rendered":"Mihkel L\u00fcdig (9. mai 1880 \u2013 7. mai 1958)"},"content":{"rendered":"<div class=\"ama-block block-txtmedia\"><div class=\"block__body\"><div class=\"body__content\">\n\n<h1 class=\"wp-block-heading wp-el\">Mihkel L\u00fcdig<\/h1>\n\n\n\n<p class=\"wp-el\">(9. May 1880 \u2013 7. May 1958)<\/p>\n\n\n\n<p class=\"has-semi-large-font-size wp-el\">Composer, Choir Conductor, Organist \u2013 Founder of the Conservatory and Author of \u201cKoit\u201d.<\/p>\n\n\n\n<p class=\"wp-el\">Mihkel L\u00fcdig made an invaluable contribution to Estonian musical culture, remembered at every Song Festival when his composition&nbsp;<em>\u201cKoit\u201d<\/em>&nbsp;is performed.<\/p>\n\n\n\n<p class=\"wp-el\">His journey into music began at an early age, playing a homemade organ at home. He started formal organ studies in P\u00e4rnu under organist Max Peters. In 1897, he enrolled in the organ class of Ludvigs B\u0113ti\u0146\u0161 at the Moscow Conservatory, and in 1898 continued at the St. Petersburg Conservatory in Louis Homilius\u2019 class, graduating in 1904. He also studied theory and composition with Nikolai Rimsky-Korsakov, Nikolai Solovyov, and Alexander Glazunov, and piano with Franz von Czerny.<\/p>\n\n<\/div><div class=\"body__media\"><div class=\"splide\" data-splide={\"type\":\"fade\",\"pagination\":false}><div class=\"splide__track\"><ul class=\"splide__list\"><li class=\"splide__slide\"><a href=\"https:\/\/www.lauluvaljak.ee\/wp-content\/uploads\/2025\/08\/Mihkel_Ludig-960x1280.jpg\" data-fancybox=\"txtmedia-block_98fb160e17039b48f80c9e0604a59980\"><img decoding=\"async\" width=\"620\" height=\"380\" src=\"https:\/\/www.lauluvaljak.ee\/wp-content\/uploads\/bis-images\/3976\/Mihkel_Ludig-rotated-620x380-f50_50.jpg\" class=\"attachment-620x380\" alt=\"Mihkel_L\u00fcdig\" loading=\"lazy\" \/><\/a><\/li><li class=\"splide__slide\"><a href=\"https:\/\/www.lauluvaljak.ee\/wp-content\/uploads\/2025\/06\/IMG_4013-1280x960.jpg\" data-fancybox=\"txtmedia-block_98fb160e17039b48f80c9e0604a59980\"><img decoding=\"async\" width=\"620\" height=\"380\" src=\"https:\/\/www.lauluvaljak.ee\/wp-content\/uploads\/bis-images\/2941\/IMG_4013-620x380-f50_50.jpg\" class=\"attachment-620x380\" alt=\"IMG_4013\" loading=\"lazy\" \/><\/a><\/li><\/ul><\/div><div class=\"splide__arrows\"><button class=\"splide__arrow splide__arrow--prev\"><svg xmlns=\"http:\/\/www.w3.org\/2000\/svg\" width=\"15\" height=\"11.25\" viewBox=\"0 0 15 11.25\"><path d=\"M-2457.2-3425.987a.754.754,0,0,0,0-1.136l-3.788-3.449h11.1a.847.847,0,0,0,.883-.8.847.847,0,0,0-.883-.8h-11.1l3.787-3.449a.754.754,0,0,0,0-1.136.945.945,0,0,0-1.248,0l-5.293,4.821a.753.753,0,0,0,0,1.137l5.293,4.821a.927.927,0,0,0,.625.236A.927.927,0,0,0-2457.2-3425.987Z\" transform=\"translate(2464.001 3437.001)\" fill=\"currentColor\"\/><\/svg><\/button><button class=\"splide__arrow splide__arrow--next\"><svg xmlns=\"http:\/\/www.w3.org\/2000\/svg\" width=\"15\" height=\"11.25\" viewBox=\"0 0 15 11.25\"><path d=\"M-2455.8-3425.987a.754.754,0,0,1,0-1.136l3.788-3.449h-11.1a.847.847,0,0,1-.883-.8.847.847,0,0,1,.883-.8h11.1l-3.787-3.448a.754.754,0,0,1,0-1.136.945.945,0,0,1,1.248,0l5.293,4.821a.753.753,0,0,1,0,1.137l-5.293,4.821a.927.927,0,0,1-.625.236A.927.927,0,0,1-2455.8-3425.987Z\" transform=\"translate(2464.001 3437.001)\" fill=\"currentColor\"\/><\/svg><\/button><\/div><\/div><\/div><\/div><\/div>\n\n\n<p class=\"wp-el\">After graduating from the conservatory, Mihkel L\u00fcdig remained in St. Petersburg to organize the local Estonian music scene and initiated several Estonian music events, including the first symphony concert featuring Estonian music in St. Petersburg in 1908. At the same time, he was actively involved in Estonian musical life as the founder and director of numerous events: the 2nd P\u00e4rnu Song Festival (1903), the opening of the new Vanemuine Theatre (1906), Tartu Music Day (1909), and the opening of the new Endla Theatre (1911). He served as general director of the mixed and male choirs at the VII Estonian Song Festival in 1910.<\/p>\n\n\n\n<p class=\"wp-el\">From 1918 to 1924, Mihkel L\u00fcdig worked as organist at St. Charles Church in Tallinn and simultaneously as a singing teacher at Nikolai and Kaarli Gymnasiums and the II Reaalkool, later also at Lenderi Gymnasium. He participated in the founding of the Tallinn Higher Music School in 1919 and served as its first director until 1923, as well as teaching organ classes from 1920 to 1922. He was involved in the establishment of the music business and publishing house Esto-Muusika while continuing his performance career as an organist and conductor. Between 1925 and 1928, he worked as choir director and pianist in Buenos Aires. From 1928, he resumed his work in Tallinn as an organist and singing teacher. From 1932, he led the Endla Society Choir in P\u00e4rnu, and from 1934 until his death, he lived and worked in V\u00e4ndra.<\/p>\n\n\n\n<p class=\"wp-el\">Mihkel L\u00fcdig was named Honorary Professor of the Tallinn Conservatory in 1940. He received the Order of the Red Cross, III Class (1939), the title of Honored Art Worker of the Estonian SSR (1946), and the honorary title of People\u2019s Artist of the Estonian SSR (1955). His name lives on in the V\u00e4ndra Music School (since 1980) and the male choir in P\u00e4rnu (since 1961). In 2023, a concert hall in V\u00e4ndra was named after Mihkel L\u00fcdig.<\/p>\n\n\n\n<p class=\"wp-el\"><em>A recording of the XV Estonian Song Festival, in which\u00a0<em>\u201cKoit\u201d<\/em>\u00a0was performed under the baton of Gustav Ernesaks beneath the newly completed Song Stage, is available in the Estonian Public Broadcasting (ERR) archive (1960).<\/em><\/p>\n\n\n\n<p class=\"wp-el\"><em>The texts have been compiled using materials from Estonian Public Broadcasting (ERR) and the Estonian Music Information Centre (EMIC).<\/em><\/p>\n","protected":false},"excerpt":{"rendered":"<p>After graduating from the conservatory, Mihkel L\u00fcdig remained in St. Petersburg to organize the local Estonian music scene and initiated&#8230;<\/p>\n","protected":false},"author":1,"featured_media":0,"parent":4300,"menu_order":0,"comment_status":"closed","ping_status":"closed","template":"","meta":{"_acf_changed":false,"inline_featured_image":false,"footnotes":""},"class_list":["post-4307","page","type-page","status-publish","hentry"],"acf":[],"_links":{"self":[{"href":"https:\/\/www.lauluvaljak.ee\/en\/wp-json\/wp\/v2\/pages\/4307","targetHints":{"allow":["GET"]}}],"collection":[{"href":"https:\/\/www.lauluvaljak.ee\/en\/wp-json\/wp\/v2\/pages"}],"about":[{"href":"https:\/\/www.lauluvaljak.ee\/en\/wp-json\/wp\/v2\/types\/page"}],"author":[{"embeddable":true,"href":"https:\/\/www.lauluvaljak.ee\/en\/wp-json\/wp\/v2\/users\/1"}],"replies":[{"embeddable":true,"href":"https:\/\/www.lauluvaljak.ee\/en\/wp-json\/wp\/v2\/comments?post=4307"}],"version-history":[{"count":1,"href":"https:\/\/www.lauluvaljak.ee\/en\/wp-json\/wp\/v2\/pages\/4307\/revisions"}],"predecessor-version":[{"id":5125,"href":"https:\/\/www.lauluvaljak.ee\/en\/wp-json\/wp\/v2\/pages\/4307\/revisions\/5125"}],"up":[{"embeddable":true,"href":"https:\/\/www.lauluvaljak.ee\/en\/wp-json\/wp\/v2\/pages\/4300"}],"wp:attachment":[{"href":"https:\/\/www.lauluvaljak.ee\/en\/wp-json\/wp\/v2\/media?parent=4307"}],"curies":[{"name":"wp","href":"https:\/\/api.w.org\/{rel}","templated":true}]}}